{"id":8836,"date":"2023-09-14T11:02:34","date_gmt":"2023-09-14T09:02:34","guid":{"rendered":"https:\/\/about.trienergy-solutions.com\/histoire\/"},"modified":"2025-02-03T17:04:56","modified_gmt":"2025-02-03T16:04:56","slug":"histoire","status":"publish","type":"page","link":"https:\/\/about.trienergy-solutions.com\/fr\/histoire\/","title":{"rendered":"Histoire"},"content":{"rendered":"<p><div class=\"fusion-fullwidth fullwidth-box fusion-builder-row-1 fusion-flex-container has-pattern-background has-mask-background fusion-parallax-none nonhundred-percent-fullwidth non-hundred-percent-height-scrolling lazyload\" style=\"--awb-background-position:right bottom;--awb-background-blend-mode:darken;--awb-border-radius-top-left:0px;--awb-border-radius-top-right:0px;--awb-border-radius-bottom-right:0px;--awb-border-radius-bottom-left:0px;--awb-padding-top:200px;--awb-padding-bottom:70px;--awb-background-image:linear-gradient(45deg, rgba(32,84,107,0.6) 0%,rgba(0,23,63,0.8) 100%);;--awb-background-size:cover;--awb-flex-wrap:wrap;\" data-bg=\"https:\/\/about.trienergy-solutions.com\/wp-content\/uploads\/schweizer-bergpass-lichter-stimmung-trienergy-solutions-1.jpeg\" data-bg-gradient=\"linear-gradient(45deg, rgba(32,84,107,0.6) 0%,rgba(0,23,63,0.8) 100%)\" ><div class=\"fusion-builder-row fusion-row fusion-flex-align-items-flex-start fusion-flex-justify-content-center fusion-flex-content-wrap\" style=\"max-width:1224px;margin-left: calc(-2% \/ 2 );margin-right: calc(-2% \/ 2 );\"><div class=\"fusion-layout-column fusion_builder_column fusion-builder-column-0 fusion_builder_column_1_2 1_2 fusion-flex-column\" style=\"--awb-bg-size:cover;--awb-width-large:50%;--awb-margin-top-large:0px;--awb-spacing-right-large:1.96%;--awb-margin-bottom-large:0px;--awb-spacing-left-large:1.96%;--awb-width-medium:50%;--awb-order-medium:0;--awb-spacing-right-medium:1.96%;--awb-spacing-left-medium:1.96%;--awb-width-small:100%;--awb-order-small:0;--awb-spacing-right-small:0.98%;--awb-spacing-left-small:0.98%;\"><div class=\"fusion-column-wrapper fusion-column-has-shadow fusion-flex-justify-content-flex-start fusion-content-layout-column\"><div class=\"fusion-title title fusion-title-1 fusion-sep-none fusion-title-center fusion-title-text fusion-title-size-one\" style=\"--awb-text-color:var(--awb-custom_color_1);--awb-margin-top:0px;--awb-margin-bottom:50px;--awb-margin-top-small:10px;--awb-margin-right-small:0px;--awb-margin-bottom-small:10px;--awb-margin-left-small:0px;\"><h1 class=\"fusion-title-heading title-heading-center fusion-responsive-typography-calculated\" style=\"margin:0;--fontSize:64;line-height:var(--awb-typography1-line-height);\">Histoire<\/h1><\/div><\/div><\/div><\/div><\/div><div class=\"fusion-fullwidth fullwidth-box fusion-builder-row-2 fusion-flex-container has-pattern-background has-mask-background nonhundred-percent-fullwidth non-hundred-percent-height-scrolling\" style=\"--awb-background-position:center top;--awb-background-blend-mode:soft-light;--awb-border-radius-top-left:0px;--awb-border-radius-top-right:0px;--awb-border-radius-bottom-right:0px;--awb-border-radius-bottom-left:0px;--awb-padding-top:50px;--awb-padding-bottom:70px;--awb-background-image:linear-gradient(105deg, var(--awb-color2) 0%,var(--awb-color3) 100%);--awb-background-size:contain;--awb-flex-wrap:wrap;\" ><div class=\"fusion-builder-row fusion-row fusion-flex-align-items-flex-start fusion-flex-justify-content-center fusion-flex-content-wrap\" style=\"max-width:1224px;margin-left: calc(-2% \/ 2 );margin-right: calc(-2% \/ 2 );\"><div class=\"fusion-layout-column fusion_builder_column fusion-builder-column-1 fusion_builder_column_1_2 1_2 fusion-flex-column\" style=\"--awb-bg-size:cover;--awb-width-large:50%;--awb-margin-top-large:0px;--awb-spacing-right-large:1.96%;--awb-margin-bottom-large:0px;--awb-spacing-left-large:1.96%;--awb-width-medium:50%;--awb-order-medium:0;--awb-spacing-right-medium:1.96%;--awb-spacing-left-medium:1.96%;--awb-width-small:100%;--awb-order-small:0;--awb-spacing-right-small:0.98%;--awb-spacing-left-small:0.98%;\"><div class=\"fusion-column-wrapper fusion-column-has-shadow fusion-flex-justify-content-flex-start fusion-content-layout-column\"><div class=\"fusion-text fusion-text-1\" style=\"--awb-text-color:var(--awb-custom_color_1);\"><p><strong>L&rsquo;industrie solaire est relativement jeune. Les ing\u00e9nieurs \u00e0 l&rsquo;origine de TRIENERGY Solutions peuvent n\u00e9anmoins \u00eatre consid\u00e9r\u00e9s comme des v\u00e9t\u00e9rans de l&rsquo;industrie photovolta\u00efque. Tout \u00e0 l&rsquo;avantage de nos clients.<\/strong><\/p>\n<\/div><div class=\"fusion-text fusion-text-2\" style=\"--awb-text-color:var(--awb-custom_color_1);--awb-margin-top:25px;\"><p>En tant que grossiste suisse de syst\u00e8mes photovolta\u00efques, TRIENERGY Solutions conna\u00eet bien les d\u00e9fis de la technologie solaire. Un conseil professionnel et un support efficace digne de ce nom, une grande disponibilit\u00e9 des marchandises ainsi qu&rsquo;une logistique sophistiqu\u00e9e parlent en notre faveur. Avec un esprit frais et un ADN qui remonte \u00e0 l&rsquo;\u00e9poque des pionniers de l&rsquo;industrie solaire, nous nous sommes fix\u00e9s pour objectif de faire de nos clients des partenaires. Ensemble, nous voulons agir pour un environnement propre, sain et durable.<\/p>\n<\/div><div class=\"fusion-title title fusion-title-2 fusion-sep-none fusion-title-text fusion-title-size-two\" style=\"--awb-text-color:var(--awb-custom_color_1);--awb-margin-top:40px;--awb-margin-bottom:0px;--awb-margin-top-small:10px;--awb-margin-right-small:0px;--awb-margin-bottom-small:10px;--awb-margin-left-small:0px;--awb-font-size:36px;\"><h2 class=\"fusion-title-heading title-heading-left fusion-responsive-typography-calculated\" style=\"font-family:var(--awb-typography2-font-family);font-weight:var(--awb-typography2-font-weight);font-style:var(--awb-typography2-font-style);margin:0;letter-spacing:var(--awb-typography2-letter-spacing);text-transform:var(--awb-typography2-text-transform);font-size:1em;--fontSize:36;line-height:var(--awb-typography2-line-height);\">Regard sur l&rsquo;\u00e9poque des pionniers<\/h2><\/div><div class=\"fusion-text fusion-text-3\" style=\"--awb-text-color:var(--awb-custom_color_1);--awb-margin-top:25px;\"><p>Lorsque, \u00e0 la fin des ann\u00e9es 80, un jeune employ\u00e9 a tourn\u00e9 la cl\u00e9 du tiroir de son bureau par un matin gris et en a sorti une imposante pile de papiers, il ne pouvait pas savoir que ce serait le d\u00e9but d&rsquo;une histoire qui n&rsquo;est toujours pas termin\u00e9e aujourd&rsquo;hui. Le jeune \u00e9lectrotechnicien Giorgio Hefti a eu entre les mains les premi\u00e8res commandes d&rsquo;une centaine d&rsquo;installations solaires, qu&rsquo;il a pu g\u00e9n\u00e9rer en relativement peu de temps, \u00e0 la surprise notamment de son employeur de l&rsquo;\u00e9poque. L&rsquo;id\u00e9e d&rsquo;une production d&rsquo;\u00e9nergie d\u00e9mocratis\u00e9e, son enthousiasme pour les \u00e9nergies renouvelables et son d\u00e9sir de d\u00e9barrasser l&rsquo;\u00e9lectricit\u00e9 solaire de son image douteuse d'\u00a0\u00bb\u00e9colo\u00a0\u00bb ont port\u00e9 leurs fruits, en m\u00eame temps que sa pers\u00e9v\u00e9rance.<\/p>\n<\/div><div class=\"fusion-title title fusion-title-3 fusion-sep-none fusion-title-text fusion-title-size-two\" style=\"--awb-text-color:var(--awb-custom_color_1);--awb-margin-top:40px;--awb-margin-bottom:0px;--awb-margin-top-small:10px;--awb-margin-right-small:0px;--awb-margin-bottom-small:10px;--awb-margin-left-small:0px;--awb-font-size:36px;\"><h2 class=\"fusion-title-heading title-heading-left fusion-responsive-typography-calculated\" style=\"font-family:var(--awb-typography2-font-family);font-weight:var(--awb-typography2-font-weight);font-style:var(--awb-typography2-font-style);margin:0;letter-spacing:var(--awb-typography2-letter-spacing);text-transform:var(--awb-typography2-text-transform);font-size:1em;--fontSize:36;line-height:var(--awb-typography2-line-height);\">Un concentr\u00e9 de 40 ans d&rsquo;exp\u00e9rience<\/h2><\/div><div class=\"fusion-text fusion-text-4\" style=\"--awb-text-color:var(--awb-custom_color_1);--awb-margin-top:25px;\"><p>\u00c0 l&rsquo;\u00e9poque, il n&rsquo;existait pas de sites de montage appropri\u00e9s, ni de crochets disponibles sur le march\u00e9 pour diff\u00e9rents types de toitures, et encore moins de connecteurs compatibles. Presque tous les composants d&rsquo;une installation solaire ont d\u00fb \u00eatre d\u00e9velopp\u00e9s en interne ou en collaboration avec d&rsquo;autres sp\u00e9cialistes. C&rsquo;\u00e9tait une p\u00e9riode o\u00f9 l&rsquo;exp\u00e9rience grandissait \u00e0 chaque mission achev\u00e9e et \u00e0 chaque jour de travail accompli.<\/p>\n<p>Environ 40 ans plus tard, le directeur g\u00e9n\u00e9ral Bernhard Kunz, son \u00e9quipe et TRIENERGY Solutions AG ouvrent un nouveau chapitre passionnant et plein d&rsquo;\u00e9nergie dans l&rsquo;histoire dynamique du photovolta\u00efque.<\/p>\n<\/div><\/div><\/div><\/div><\/div><\/p>\n","protected":false},"excerpt":{"rendered":"","protected":false},"author":1,"featured_media":0,"parent":0,"menu_order":0,"comment_status":"closed","ping_status":"closed","template":"100-width.php","meta":{"_acf_changed":false,"itsec_x_frame_options":"","footnotes":""},"class_list":["post-8836","page","type-page","status-publish","hentry"],"acf":[],"_links":{"self":[{"href":"https:\/\/about.trienergy-solutions.com\/fr\/wp-json\/wp\/v2\/pages\/8836","targetHints":{"allow":["GET"]}}],"collection":[{"href":"https:\/\/about.trienergy-solutions.com\/fr\/wp-json\/wp\/v2\/pages"}],"about":[{"href":"https:\/\/about.trienergy-solutions.com\/fr\/wp-json\/wp\/v2\/types\/page"}],"author":[{"embeddable":true,"href":"https:\/\/about.trienergy-solutions.com\/fr\/wp-json\/wp\/v2\/users\/1"}],"replies":[{"embeddable":true,"href":"https:\/\/about.trienergy-solutions.com\/fr\/wp-json\/wp\/v2\/comments?post=8836"}],"version-history":[{"count":1,"href":"https:\/\/about.trienergy-solutions.com\/fr\/wp-json\/wp\/v2\/pages\/8836\/revisions"}],"predecessor-version":[{"id":8839,"href":"https:\/\/about.trienergy-solutions.com\/fr\/wp-json\/wp\/v2\/pages\/8836\/revisions\/8839"}],"wp:attachment":[{"href":"https:\/\/about.trienergy-solutions.com\/fr\/wp-json\/wp\/v2\/media?parent=8836"}],"curies":[{"name":"wp","href":"https:\/\/api.w.org\/{rel}","templated":true}]}}