{"id":8916,"date":"2024-11-29T13:47:53","date_gmt":"2024-11-29T12:47:53","guid":{"rendered":"https:\/\/about.trienergy-solutions.com\/sous-structure-du-systeme-dintegration-trienergy\/"},"modified":"2025-02-04T10:49:45","modified_gmt":"2025-02-04T09:49:45","slug":"sous-structure-du-systeme-dintegration-trienergy","status":"publish","type":"page","link":"https:\/\/about.trienergy-solutions.com\/fr\/sous-structure-du-systeme-dintegration-trienergy\/","title":{"rendered":"Sous-structure du syst\u00e8me d&rsquo;int\u00e9gration TRIENERGY"},"content":{"rendered":"<p><div class=\"fusion-fullwidth fullwidth-box fusion-builder-row-1 fusion-flex-container has-pattern-background has-mask-background fusion-parallax-none nonhundred-percent-fullwidth non-hundred-percent-height-scrolling lazyload\" style=\"--awb-border-radius-top-left:0px;--awb-border-radius-top-right:0px;--awb-border-radius-bottom-right:0px;--awb-border-radius-bottom-left:0px;--awb-padding-top:120px;--awb-padding-top-small:50px;--awb-min-height:800px;--awb-background-image:linear-gradient(45deg, rgba(32,84,107,0.6) 0%,rgba(0,23,63,0.8) 100%);;--awb-background-size:cover;--awb-flex-wrap:wrap;\" data-bg=\"https:\/\/about.trienergy-solutions.com\/wp-content\/uploads\/pv-montagesystem-indach-05-001-tri-roof-v01.png\" data-bg-gradient=\"linear-gradient(45deg, rgba(32,84,107,0.6) 0%,rgba(0,23,63,0.8) 100%)\" ><div class=\"fusion-builder-row fusion-row fusion-flex-align-items-flex-start fusion-flex-align-content-center fusion-flex-content-wrap\" style=\"max-width:1224px;margin-left: calc(-2% \/ 2 );margin-right: calc(-2% \/ 2 );\"><div class=\"fusion-layout-column fusion_builder_column fusion-builder-column-0 fusion_builder_column_2_3 2_3 fusion-flex-column\" style=\"--awb-padding-bottom:30px;--awb-bg-size:cover;--awb-width-large:66.666666666667%;--awb-margin-top-large:0px;--awb-spacing-right-large:1.47%;--awb-margin-bottom-large:0px;--awb-spacing-left-large:1.47%;--awb-width-medium:66.666666666667%;--awb-order-medium:0;--awb-spacing-right-medium:1.47%;--awb-spacing-left-medium:1.47%;--awb-width-small:100%;--awb-order-small:0;--awb-spacing-right-small:0.98%;--awb-spacing-left-small:0.98%;\"><div class=\"fusion-column-wrapper fusion-column-has-shadow fusion-flex-justify-content-flex-start fusion-content-layout-column\"><div class=\"fusion-title title fusion-title-1 fusion-sep-none fusion-title-text fusion-title-size-paragraph\" style=\"--awb-text-color:var(--awb-custom_color_1);--awb-margin-top-small:10px;--awb-margin-right-small:0px;--awb-margin-bottom-small:10px;--awb-margin-left-small:0px;--awb-font-size:var(--awb-typography4-font-size);\"><p class=\"fusion-title-heading title-heading-left title-heading-tag fusion-responsive-typography-calculated\" style=\"font-family:var(--awb-typography4-font-family);font-weight:var(--awb-typography4-font-weight);font-style:var(--awb-typography4-font-style);margin:0;letter-spacing:var(--awb-typography4-letter-spacing);text-transform:var(--awb-typography4-text-transform);font-size:1em;--fontSize:16;--minFontSize:16;line-height:var(--awb-typography4-line-height);\">Syst\u00e8me d&rsquo;int\u00e9gration en toiture TRIENERGY<\/p><\/div><div class=\"fusion-title title fusion-title-2 fusion-sep-none fusion-title-text fusion-title-size-one\" style=\"--awb-text-color:var(--awb-custom_color_1);--awb-margin-top-small:10px;--awb-margin-right-small:0px;--awb-margin-bottom-small:10px;--awb-margin-left-small:0px;--awb-font-size:var(--awb-typography1-font-size);\"><h1 class=\"fusion-title-heading title-heading-left fusion-responsive-typography-calculated\" style=\"font-family:var(--awb-typography1-font-family);font-weight:var(--awb-typography1-font-weight);font-style:var(--awb-typography1-font-style);margin:0;letter-spacing:var(--awb-typography1-letter-spacing);text-transform:var(--awb-typography1-text-transform);font-size:1em;--fontSize:48;line-height:var(--awb-typography1-line-height);\">Le syst\u00e8me int\u00e9gr\u00e9 et esth\u00e9tique dans la toiture<\/h1><\/div><div class=\"fusion-text fusion-text-1 fusion-text-no-margin\" style=\"--awb-font-size:var(--awb-typography3-font-size);--awb-line-height:var(--awb-typography3-line-height);--awb-letter-spacing:var(--awb-typography3-letter-spacing);--awb-text-transform:var(--awb-typography3-text-transform);--awb-text-color:var(--awb-custom_color_1);--awb-margin-bottom:0px;--awb-text-font-family:var(--awb-typography3-font-family);--awb-text-font-weight:var(--awb-typography3-font-weight);--awb-text-font-style:var(--awb-typography3-font-style);\"><p>Notre syst\u00e8me esth\u00e9tique de fabrication europ\u00e9enne est parfaitement adapt\u00e9 \u00e0 la construction d&rsquo;installations int\u00e9gr\u00e9es \u00e0 la toiture.<\/p>\n<\/div><\/div><\/div><div class=\"fusion-layout-column fusion_builder_column fusion-builder-column-1 fusion_builder_column_1_3 1_3 fusion-flex-column fusion-flex-align-self-stretch\" style=\"--awb-padding-bottom:30px;--awb-bg-size:cover;--awb-width-large:33.333333333333%;--awb-margin-top-large:0px;--awb-spacing-right-large:2.94%;--awb-margin-bottom-large:0px;--awb-spacing-left-large:2.94%;--awb-width-medium:33.333333333333%;--awb-order-medium:0;--awb-spacing-right-medium:2.94%;--awb-spacing-left-medium:2.94%;--awb-width-small:100%;--awb-order-small:0;--awb-spacing-right-small:0.98%;--awb-spacing-left-small:0.98%;\"><div class=\"fusion-column-wrapper fusion-column-has-shadow fusion-flex-justify-content-flex-start fusion-content-layout-row fusion-flex-align-items-flex-end\"><style>\n.up-badge{\n  display: flex;\n  justify-content: flex-end;\n  width: 100% !important;\n}\n.up-badge-inner{\n\twidth: 200px;\n  height: 200px;\n  text-align: center;\n  background-image: linear-gradient(to bottom, #ff470d, #ff3e0b, #ff330a, #ff260a, #ff120a);\n  color: white;\n  padding: 10px;\n  border-radius: 50%;\n  display: flex;\n  align-items: center;\n  transform: rotate(-20deg)\n  \n}\n\n.up-badge-inner p{\n  margin: 0;\n  font-weight: bold;\n  text-align: center;\n}\n\n@media all and (max-width: 640px){\n.up-badge {\n    justify-content: flex-start;\n}\n}\n<\/style>\n\n<div class=\"up-badge\">\n<div class=\"up-badge-inner\">\n<p>Disponible \u00e0 partir de fin Q1 2025<\/p>\n<\/div>\n<\/div><\/div><\/div><\/div><\/div><div class=\"fusion-fullwidth fullwidth-box fusion-builder-row-2 fusion-flex-container has-pattern-background has-mask-background nonhundred-percent-fullwidth non-hundred-percent-height-scrolling\" style=\"--awb-background-blend-mode:soft-light;--awb-border-radius-top-left:0px;--awb-border-radius-top-right:0px;--awb-border-radius-bottom-right:0px;--awb-border-radius-bottom-left:0px;--awb-padding-top:96px;--awb-padding-bottom:50px;--awb-padding-top-small:0px;--awb-background-color:#ffffff;--awb-background-size:cover;--awb-flex-wrap:wrap;\" ><div class=\"fusion-builder-row fusion-row fusion-flex-align-items-flex-start fusion-flex-justify-content-center fusion-flex-content-wrap\" style=\"max-width:1224px;margin-left: calc(-2% \/ 2 );margin-right: calc(-2% \/ 2 );\"><div class=\"fusion-layout-column fusion_builder_column fusion-builder-column-2 fusion_builder_column_2_3 2_3 fusion-flex-column\" style=\"--awb-bg-size:cover;--awb-width-large:66.666666666667%;--awb-margin-top-large:0px;--awb-spacing-right-large:1.47%;--awb-margin-bottom-large:0px;--awb-spacing-left-large:1.47%;--awb-width-medium:66.666666666667%;--awb-order-medium:0;--awb-spacing-right-medium:1.47%;--awb-spacing-left-medium:1.47%;--awb-width-small:100%;--awb-order-small:0;--awb-spacing-right-small:0.98%;--awb-spacing-left-small:0.98%;\"><div class=\"fusion-column-wrapper fusion-column-has-shadow fusion-flex-justify-content-flex-start fusion-content-layout-column\"><div class=\"fusion-title title fusion-title-3 fusion-sep-none fusion-title-center fusion-title-text fusion-title-size-three\" style=\"--awb-text-color:#000000;--awb-margin-top:0px;--awb-margin-top-small:10px;--awb-margin-right-small:0px;--awb-margin-bottom-small:10px;--awb-margin-left-small:0px;--awb-font-size:48px;\"><h3 class=\"fusion-title-heading title-heading-center fusion-responsive-typography-calculated\" style=\"margin:0;font-size:1em;--fontSize:48;line-height:var(--awb-typography1-line-height);\">Avantages du syst\u00e8me de montage<\/h3><\/div><div class=\"fusion-text fusion-text-2 fusion-text-no-margin\" style=\"--awb-content-alignment:center;--awb-font-size:20px;--awb-text-color:#000000;--awb-margin-bottom:0px;--awb-text-font-family:&quot;Montserrat&quot;;--awb-text-font-style:normal;--awb-text-font-weight:400;\"><p>Vous pouvez facilement ins\u00e9rer n&rsquo;importe quel module standard encadr\u00e9 dans les profil\u00e9s, ce qui leur permet d&rsquo;\u00eatre plac\u00e9s en toute s\u00e9curit\u00e9 gr\u00e2ce \u00e0 leur propre poids.<\/p>\n<\/div><\/div><\/div><\/div><\/div><div class=\"fusion-fullwidth fullwidth-box fusion-builder-row-3 fusion-flex-container has-pattern-background has-mask-background nonhundred-percent-fullwidth non-hundred-percent-height-scrolling\" style=\"--awb-border-radius-top-left:0px;--awb-border-radius-top-right:0px;--awb-border-radius-bottom-right:0px;--awb-border-radius-bottom-left:0px;--awb-padding-top:30px;--awb-padding-bottom:70px;--awb-padding-top-small:0px;--awb-padding-bottom-small:32px;--awb-flex-wrap:wrap;\" ><div class=\"fusion-builder-row fusion-row fusion-flex-align-items-flex-start fusion-flex-content-wrap\" style=\"max-width:calc( 1200px + 40px );margin-left: calc(-40px \/ 2 );margin-right: calc(-40px \/ 2 );\"><div class=\"fusion-layout-column fusion_builder_column fusion-builder-column-3 fusion_builder_column_1_3 1_3 fusion-flex-column fusion-flex-align-self-stretch\" style=\"--awb-padding-top:50px;--awb-padding-right:40px;--awb-padding-bottom:50px;--awb-padding-left:40px;--awb-padding-top-small:40px;--awb-padding-bottom-small:40px;--awb-overflow:hidden;--awb-bg-size:cover;--awb-border-color:rgba(0,0,0,0.16);--awb-border-top:1px;--awb-border-right:1px;--awb-border-bottom:1px;--awb-border-left:1px;--awb-border-style:solid;--awb-border-radius:16px 16px 16px 16px;--awb-width-large:33.333333333333%;--awb-margin-top-large:0px;--awb-spacing-right-large:20px;--awb-margin-bottom-large:20px;--awb-spacing-left-large:20px;--awb-width-medium:33.333333333333%;--awb-order-medium:0;--awb-spacing-right-medium:20px;--awb-spacing-left-medium:20px;--awb-width-small:100%;--awb-order-small:0;--awb-spacing-right-small:20px;--awb-spacing-left-small:20px;\"><div class=\"fusion-column-wrapper fusion-column-has-shadow fusion-flex-justify-content-flex-start fusion-content-layout-column\"><div class=\"fusion-title title fusion-title-4 fusion-sep-none fusion-title-text fusion-title-size-four\" style=\"--awb-text-color:#000000;--awb-margin-bottom:30px;--awb-margin-top-small:10px;--awb-margin-right-small:0px;--awb-margin-bottom-small:10px;--awb-margin-left-small:0px;\"><h4 class=\"fusion-title-heading title-heading-left fusion-responsive-typography-calculated\" style=\"margin:0;--fontSize:24;line-height:var(--awb-typography1-line-height);\">Esth\u00e9tique maximale<\/h4><\/div><div class=\"fusion-text fusion-text-3\"><p>Le syst\u00e8me marque des points gr\u00e2ce \u00e0 son aspect esth\u00e9tique. Le syst\u00e8me de montage remplace des \u00e9l\u00e9ments individuels ou des couvertures de toit enti\u00e8res et est pratiquement \u00ab\u00a0invisible\u00a0\u00bb par rapport aux installations sur toiture.<\/p>\n<\/div><\/div><\/div><div class=\"fusion-layout-column fusion_builder_column fusion-builder-column-4 fusion_builder_column_1_3 1_3 fusion-flex-column fusion-flex-align-self-stretch\" style=\"--awb-padding-top:50px;--awb-padding-right:40px;--awb-padding-bottom:50px;--awb-padding-left:40px;--awb-padding-top-small:40px;--awb-padding-bottom-small:40px;--awb-overflow:hidden;--awb-bg-size:cover;--awb-border-color:rgba(0,0,0,0.16);--awb-border-top:1px;--awb-border-right:1px;--awb-border-bottom:1px;--awb-border-left:1px;--awb-border-style:solid;--awb-border-radius:16px 16px 16px 16px;--awb-width-large:33.333333333333%;--awb-margin-top-large:0px;--awb-spacing-right-large:20px;--awb-margin-bottom-large:20px;--awb-spacing-left-large:20px;--awb-width-medium:33.333333333333%;--awb-order-medium:0;--awb-spacing-right-medium:20px;--awb-spacing-left-medium:20px;--awb-width-small:100%;--awb-order-small:0;--awb-spacing-right-small:20px;--awb-spacing-left-small:20px;\"><div class=\"fusion-column-wrapper fusion-column-has-shadow fusion-flex-justify-content-flex-start fusion-content-layout-column\"><div class=\"fusion-title title fusion-title-5 fusion-sep-none fusion-title-text fusion-title-size-four\" style=\"--awb-text-color:#000000;--awb-margin-bottom:30px;--awb-margin-top-small:10px;--awb-margin-right-small:0px;--awb-margin-bottom-small:10px;--awb-margin-left-small:0px;\"><h4 class=\"fusion-title-heading title-heading-left fusion-responsive-typography-calculated\" style=\"margin:0;--fontSize:24;line-height:var(--awb-typography1-line-height);\">Flexible et s\u00fbr<\/h4><\/div><div class=\"fusion-text fusion-text-4\"><p>Flexible de 5 \u00e0 60 degr\u00e9s, avec un poids de syst\u00e8me de seulement 15 kg\/m\u00b2, la construction offre stabilit\u00e9 et durabilit\u00e9 pour chaque projet.<\/p>\n<\/div><\/div><\/div><div class=\"fusion-layout-column fusion_builder_column fusion-builder-column-5 fusion_builder_column_1_3 1_3 fusion-flex-column fusion-flex-align-self-stretch\" style=\"--awb-padding-top:50px;--awb-padding-right:40px;--awb-padding-bottom:50px;--awb-padding-left:40px;--awb-padding-top-small:40px;--awb-padding-bottom-small:40px;--awb-overflow:hidden;--awb-bg-size:cover;--awb-border-color:rgba(0,0,0,0.16);--awb-border-top:1px;--awb-border-right:1px;--awb-border-bottom:1px;--awb-border-left:1px;--awb-border-style:solid;--awb-border-radius:16px 16px 16px 16px;--awb-width-large:33.333333333333%;--awb-margin-top-large:0px;--awb-spacing-right-large:20px;--awb-margin-bottom-large:20px;--awb-spacing-left-large:20px;--awb-width-medium:33.333333333333%;--awb-order-medium:0;--awb-spacing-right-medium:20px;--awb-spacing-left-medium:20px;--awb-width-small:100%;--awb-order-small:0;--awb-spacing-right-small:20px;--awb-spacing-left-small:20px;\"><div class=\"fusion-column-wrapper fusion-column-has-shadow fusion-flex-justify-content-flex-start fusion-content-layout-column\"><div class=\"fusion-title title fusion-title-6 fusion-sep-none fusion-title-text fusion-title-size-four\" style=\"--awb-text-color:#000000;--awb-margin-bottom:30px;--awb-margin-top-small:10px;--awb-margin-right-small:0px;--awb-margin-bottom-small:10px;--awb-margin-left-small:0px;\"><h4 class=\"fusion-title-heading title-heading-left fusion-responsive-typography-calculated\" style=\"margin:0;--fontSize:24;line-height:var(--awb-typography1-line-height);\">Un toit s\u00fbr<\/h4><\/div><div class=\"fusion-text fusion-text-5\"><p>Notre syst\u00e8me int\u00e9gr\u00e9 \u00e0 la toiture utilise des modules standard encadr\u00e9s et r\u00e9duit les co\u00fbts de mat\u00e9riel et d&rsquo;installation, ce qui en fait l&rsquo;une des solutions les plus rentables du march\u00e9.<\/p>\n<\/div><\/div><\/div><\/div><\/div>\n<\/p>\n","protected":false},"excerpt":{"rendered":"","protected":false},"author":5,"featured_media":0,"parent":0,"menu_order":0,"comment_status":"closed","ping_status":"closed","template":"100-width.php","meta":{"_acf_changed":false,"itsec_x_frame_options":"","footnotes":""},"class_list":["post-8916","page","type-page","status-publish","hentry"],"acf":[],"_links":{"self":[{"href":"https:\/\/about.trienergy-solutions.com\/fr\/wp-json\/wp\/v2\/pages\/8916","targetHints":{"allow":["GET"]}}],"collection":[{"href":"https:\/\/about.trienergy-solutions.com\/fr\/wp-json\/wp\/v2\/pages"}],"about":[{"href":"https:\/\/about.trienergy-solutions.com\/fr\/wp-json\/wp\/v2\/types\/page"}],"author":[{"embeddable":true,"href":"https:\/\/about.trienergy-solutions.com\/fr\/wp-json\/wp\/v2\/users\/5"}],"replies":[{"embeddable":true,"href":"https:\/\/about.trienergy-solutions.com\/fr\/wp-json\/wp\/v2\/comments?post=8916"}],"version-history":[{"count":2,"href":"https:\/\/about.trienergy-solutions.com\/fr\/wp-json\/wp\/v2\/pages\/8916\/revisions"}],"predecessor-version":[{"id":8923,"href":"https:\/\/about.trienergy-solutions.com\/fr\/wp-json\/wp\/v2\/pages\/8916\/revisions\/8923"}],"wp:attachment":[{"href":"https:\/\/about.trienergy-solutions.com\/fr\/wp-json\/wp\/v2\/media?parent=8916"}],"curies":[{"name":"wp","href":"https:\/\/api.w.org\/{rel}","templated":true}]}}